{"id":995,"date":"2020-04-01T14:06:27","date_gmt":"2020-04-01T12:06:27","guid":{"rendered":"https:\/\/eloasminbarden.de\/shop\/?post_type=product&#038;p=995"},"modified":"2022-04-30T11:31:19","modified_gmt":"2022-04-30T09:31:19","slug":"bodenseele-meditative-harfenmusik-mit-edmund-darman","status":"publish","type":"product","link":"https:\/\/eloasminbarden.de\/shop\/produkt\/bodenseele-meditative-harfenmusik-mit-edmund-darman\/","title":{"rendered":"Bodensee`le &#8211; meditative Harfenmusik mit Edmund Darman &#8211; MP3"},"content":{"rendered":"<p>14 Harfenst\u00fccke mit Bodenseewasser &#8211; Aufnahmen und Lyrik.<\/p>\n<p>Der ehemalige Harfenspieler der Neuen Barden &#8211; Edmund Darman, hat zusammen mit seinem Pruduzenten Jens Eloas Lachenmayr eine meditative Harfen-CD aufgenommen. Die Aufnahmen kommen direkt von den Bodenseezufl\u00fcssen und vom Bodensee-Ufer. Zusammen mit kleinen Gedichten bildet diese CD eine meditative Klangreise um den Bodensee.<\/p>\n<p>Momentan nur als Download und wenn die Finanzen daf\u00fcr da sind sp\u00e4ter auch als CD erh\u00e4ltlich.<\/p>\n<p>Zwei Klangbeispiele befinden sich auf youtube unter:\u00a0 <a href=\"https:\/\/www.youtube.com\/user\/dieneuenbarden\/videos\" target=\"_blank\" rel=\"noopener noreferrer\">https:\/\/www.youtube.com\/user\/dieneuenbarden\/videos<\/a><\/p>\n","protected":false},"excerpt":{"rendered":"<p>14 Harfenst\u00fccke mit Bodenseewasser &#8211; Aufnahmen und Lyrik. Der ehemalige Harfenspieler der Neuen Barden &#8211; Edmund Darman, hat zusammen mit seinem Pruduzenten Jens Eloas Lachenmayr eine meditative Harfen-CD aufgenommen. Die Aufnahmen kommen direkt von den Bodenseezufl\u00fcssen und vom Bodensee-Ufer. Zusammen mit kleinen Gedichten bildet diese CD eine meditative Klangreise um den Bodensee. Momentan nur als [&hellip;]<\/p>\n","protected":false},"featured_media":996,"template":"","meta":[],"product_cat":[42],"product_tag":[],"_links":{"self":[{"href":"https:\/\/eloasminbarden.de\/shop\/wp-json\/wp\/v2\/product\/995"}],"collection":[{"href":"https:\/\/eloasminbarden.de\/shop\/wp-json\/wp\/v2\/product"}],"about":[{"href":"https:\/\/eloasminbarden.de\/shop\/wp-json\/wp\/v2\/types\/product"}],"wp:featuredmedia":[{"embeddable":true,"href":"https:\/\/eloasminbarden.de\/shop\/wp-json\/wp\/v2\/media\/996"}],"wp:attachment":[{"href":"https:\/\/eloasminbarden.de\/shop\/wp-json\/wp\/v2\/media?parent=995"}],"wp:term":[{"taxonomy":"product_cat","embeddable":true,"href":"https:\/\/eloasminbarden.de\/shop\/wp-json\/wp\/v2\/product_cat?post=995"},{"taxonomy":"product_tag","embeddable":true,"href":"https:\/\/eloasminbarden.de\/shop\/wp-json\/wp\/v2\/product_tag?post=995"}],"curies":[{"name":"wp","href":"https:\/\/api.w.org\/{rel}","templated":true}]}}