{"id":968,"date":"2020-02-28T10:06:32","date_gmt":"2020-02-28T09:06:32","guid":{"rendered":"https:\/\/eloasminbarden.de\/shop\/?post_type=product&#038;p=968"},"modified":"2021-02-07T18:16:14","modified_gmt":"2021-02-07T17:16:14","slug":"jubilaeumskonzert-im-parktheater","status":"publish","type":"product","link":"https:\/\/eloasminbarden.de\/shop\/produkt\/jubilaeumskonzert-im-parktheater\/","title":{"rendered":"Jubil\u00e4umskonzert im Parktheater Mp4-Download"},"content":{"rendered":"<p>Zum 20 j\u00e4hrigen B\u00fchnenjubil\u00e4um des Liedermachers Jens Eloas Lachenmayr ver\u00f6ffentlichen wir nun eine Doppel LIVE CD mit einer Bonus DVD. 20 Lieder aus 20 Jahren musikalischem Schaffen aufgenommen mit Sieben Musikern, einem 24 Spur Tonmitschnitt und im professionellen Studio nachbearbeitet. Gefilmt mit 7 Kameras im professionellen 4 K Format.<\/p>\n<p>H\u00f6r Dir den Sound auf guten Kopfh\u00f6rern oder auf der Stereoanlage an, dann hast Du einen unvergleichlichenKlang-Genuss !<\/p>\n<p>0. Jubil\u00e4umsansprache<br \/>\n1. Das wahre Leben<br \/>\n2. Die Blaue Blume<br \/>\n3. Ode an die Freundschaft<br \/>\n4. Leben f\u00fcr Gold<br \/>\n5. Der Traum<br \/>\n6. Die wei\u00dfe Rose<br \/>\n7. S\u00f6hne &amp; T\u00f6chter<br \/>\n8. Friedvolle Krieger<br \/>\n9. ICH-Sein<\/p>\n<p>10. Erwacht<br \/>\n11. Das Leben will Dich ganz<br \/>\n12. Die Seele ist ein Instrument<br \/>\n13. Gott &amp; G\u00f6ttin<br \/>\n14. Fire &amp; Ice<br \/>\n15. Dein Wille geschehe<br \/>\n16. Hei\u00dfe Tr\u00e4nen<br \/>\n17. Liebeslied<br \/>\n18. Lied des Barden<br \/>\n19.Der Clown<br \/>\n20. ICH-Botschaften<\/p>\n<p>Eloas M\u00edn Barden: Gesang &amp; Gitarren<br \/>\nJ\u00f6rg Holik: Schlagzeug, Tabla, Gesang<br \/>\nFriedgard Teschemacher: Violon Cello<br \/>\nHeilgard Teschemacher: Violine<br \/>\nWolfram H\u00f6gerle: Kontrabass<br \/>\nDominik Dunst: Sologitarren, Vocals<br \/>\nAndre M\u00fcller: Saxophon, Keyboards, Piano<\/p>\n<div class=\"\">Bernd Mayer: Tontechnik<\/div>\n<div class=\"\">Jost Bradke\/Edelwei\u00df Produktion: Kameraleitung<\/div>\n<div class=\"\">Kameras: Jost Joy.Earth, Anna &#8211; Maria Farsch, Maxim A. Morosow, Jeremias Mandel, Oswin Cardwell<\/div>\n<div class=\"\"><\/div>\n<div class=\"\">Postproduktion &#8211; Ton: Bernd Mayer<\/div>\n<div class=\"\">Postproduktion &#8211; Bild: Wolfram H\u00f6gerle<\/div>\n<div class=\"\"><\/div>\n<div class=\"\">Alle Rechte im Barden Musikverlag 2020<\/div>\n<div class=\"\"><\/div>\n","protected":false},"excerpt":{"rendered":"<p>Zum 20 j\u00e4hrigen B\u00fchnenjubil\u00e4um des Liedermachers Jens Eloas Lachenmayr ver\u00f6ffentlichen wir nun eine Doppel LIVE CD mit einer Bonus DVD. 20 Lieder aus 20 Jahren musikalischem Schaffen aufgenommen mit Sieben Musikern, einem 24 Spur Tonmitschnitt und im professionellen Studio nachbearbeitet. Gefilmt mit 7 Kameras im professionellen 4 K Format. H\u00f6r Dir den Sound auf guten [&hellip;]<\/p>\n","protected":false},"featured_media":942,"template":"","meta":[],"product_cat":[56],"product_tag":[],"_links":{"self":[{"href":"https:\/\/eloasminbarden.de\/shop\/wp-json\/wp\/v2\/product\/968"}],"collection":[{"href":"https:\/\/eloasminbarden.de\/shop\/wp-json\/wp\/v2\/product"}],"about":[{"href":"https:\/\/eloasminbarden.de\/shop\/wp-json\/wp\/v2\/types\/product"}],"wp:featuredmedia":[{"embeddable":true,"href":"https:\/\/eloasminbarden.de\/shop\/wp-json\/wp\/v2\/media\/942"}],"wp:attachment":[{"href":"https:\/\/eloasminbarden.de\/shop\/wp-json\/wp\/v2\/media?parent=968"}],"wp:term":[{"taxonomy":"product_cat","embeddable":true,"href":"https:\/\/eloasminbarden.de\/shop\/wp-json\/wp\/v2\/product_cat?post=968"},{"taxonomy":"product_tag","embeddable":true,"href":"https:\/\/eloasminbarden.de\/shop\/wp-json\/wp\/v2\/product_tag?post=968"}],"curies":[{"name":"wp","href":"https:\/\/api.w.org\/{rel}","templated":true}]}}