{"id":383,"date":"2018-12-17T23:29:41","date_gmt":"2018-12-17T22:29:41","guid":{"rendered":"https:\/\/eloasminbarden.de\/shop\/?post_type=product&#038;p=383"},"modified":"2021-02-07T18:17:00","modified_gmt":"2021-02-07T17:17:00","slug":"das-leben-wagen-im-wagen-leben","status":"publish","type":"product","link":"https:\/\/eloasminbarden.de\/shop\/produkt\/das-leben-wagen-im-wagen-leben\/","title":{"rendered":"Das Leben wagen &#8211; im Wagen leben &#8211; Film Doku"},"content":{"rendered":"<p>Aus dem Film: Das Leben wagen &#8211; Im Wagen leben des Barden und Liedermachers Jens Eloas Lachenmayr (Die Neuen Barden). Sein Leben auf der Rosenwies, jener Waldwiese, die sich der Liedermacher mit seiner Familie und seinen Tieren, den beiden Zirkuswagen und der mongolischen Jurte als seinen Lebensraum ausgew\u00e4hlt hatte &#8211; bis, ja bis er mit krudesten Methoden von b\u00fcrokratischen Werkzeugen des Landratsamt von dort vertrieben wurde. Der Film ist f\u00fcr den Berufsmusiker eine M\u00f6glichkeit der k\u00fcnstlerschen Aufarbeitung dieses einschneidenden Erlebnisses. Sensibel und feinf\u00fchlig begleitet wurde diese Zeit, mitten im Heiligenberger Wald am Bodensee durch die Filmemacherin Theresa Setzer, die sich nun das letzte Jahr daran gemacht hat, das Material in k\u00fcnstlerischer Weise zusammenzuf\u00fcgen. Mit einem Kurzfilm dar\u00fcber hat sie bereits einen Filmpreis daf\u00fcr gewonnen. Nun war es ihr ein Anliegen die Bilder noch mit mehr Ruhe sprechen zu lassen, was Ihr au\u00dferordentlich gut gelungen ist. Der Film kann auch auf DVD und Speicherstick\u00a0 erworben werden.<\/p>\n","protected":false},"excerpt":{"rendered":"<p>Film des Liedermachers Jens Eloas Lachenmayr (Die Neuen Barden) &#8211; Sein poetisches Leben auf der Waldwiese, die er von einer alten B\u00e4uerin bekommen hatte und das j\u00e4he Ende welches ihm durch die B\u00fcrokratie bereitet wurde.<\/p>\n","protected":false},"featured_media":385,"template":"","meta":[],"product_cat":[56],"product_tag":[],"_links":{"self":[{"href":"https:\/\/eloasminbarden.de\/shop\/wp-json\/wp\/v2\/product\/383"}],"collection":[{"href":"https:\/\/eloasminbarden.de\/shop\/wp-json\/wp\/v2\/product"}],"about":[{"href":"https:\/\/eloasminbarden.de\/shop\/wp-json\/wp\/v2\/types\/product"}],"wp:featuredmedia":[{"embeddable":true,"href":"https:\/\/eloasminbarden.de\/shop\/wp-json\/wp\/v2\/media\/385"}],"wp:attachment":[{"href":"https:\/\/eloasminbarden.de\/shop\/wp-json\/wp\/v2\/media?parent=383"}],"wp:term":[{"taxonomy":"product_cat","embeddable":true,"href":"https:\/\/eloasminbarden.de\/shop\/wp-json\/wp\/v2\/product_cat?post=383"},{"taxonomy":"product_tag","embeddable":true,"href":"https:\/\/eloasminbarden.de\/shop\/wp-json\/wp\/v2\/product_tag?post=383"}],"curies":[{"name":"wp","href":"https:\/\/api.w.org\/{rel}","templated":true}]}}