{"id":313,"date":"2018-09-28T21:24:49","date_gmt":"2018-09-28T19:24:49","guid":{"rendered":"https:\/\/eloasminbarden.de\/shop\/?post_type=product&#038;p=313"},"modified":"2023-01-03T12:39:23","modified_gmt":"2023-01-03T11:39:23","slug":"t-shirts-kurzarmhemd","status":"publish","type":"product","link":"https:\/\/eloasminbarden.de\/shop\/produkt\/t-shirts-kurzarmhemd\/","title":{"rendered":"T-Shirts\/Kurzarmhemd\/Langarm  Bio\/Fair"},"content":{"rendered":"<p>Hier unsere genialen T-Shirts, (Kurzarmhemd &#8211; auch Leibchen genannt):<br \/>\n100% Baumwolle<br \/>\n100% ORGANIC !! (GOTS zertifiziert)<br \/>\n100% fair traid<br \/>\nselbst die Druckfarbe ist \u00f6kologische Pflanzenfarbe (GOTS zertifiziert)<\/p>\n<p>Die Aufdrucke, die wir f\u00fcr Dich gestaltet haben, sollten zum einen den klassischen Barden-Fan ansprechen, dar\u00fcber hinaus aber auch einen Gegenpol zu den \u00fcblichen langweiligen immer wiederkehrenden Carlifornia Beach und New York City Aufdrucken schaffen. Wir stehen zwar erst am Anfang einer hoffentlich gro\u00dfen T-Shirt &amp; Hoody Karriere, aber wir hoffen, das uns dieser Anfang bereits gelungen ist.<br \/>\nDu kannst von XS-XXXL alle Gr\u00f6\u00dfen, alle Farben, Formen und Aufdrucke miteinander kombinieren (siehe Farbskala mit Farbnummern bei den Photos) &#8211; Du erh\u00e4ltst Dein Unikat von uns pers\u00f6nlich zugeschickt.<br \/>\nViiiiiieeeeel Spaaaaaa\u00df !!!!!!!<\/p>\n<p>Kindergr\u00f6\u00dfen: 92\/98, 104\/110, 116\/122, 128\/134, 140\/146, 152\/158 Farben f\u00fcr Kinderhoodies: Schwarz, Hell-Gr\u00fcn, Navy, Grau, Rot, Zitronen-Gelb (siehe Farbskala)<\/p>\n<p>Aufdrucke:\u00a0 ACHTUNG !!!\u00a0 <em>Freier friedvoller Mensch<\/em> ist vergriffen und <em>Neue Barden braucht das Land <\/em>nur noch in schwarz<\/p>\n<p>Die Neuen Drucke sind jetzt da !!!\u00a0 (2023). Schau Dir alle Drucke als Photos bei den HOODIES an !!!<\/p>\n<p>&#8211; &#8222;Einhorn&#8220; (Aufdruck: Schwarz\/Beige\/Gold). GANZ NEU !!!<\/p>\n<p>&#8211; &#8222;Cernunos &#8211; keltische Hirschkraft&#8220;\u00a0 (Aufdruck: Schwarz\/Beige\/Gold)<br \/>\n&#8211; &#8222;WOLFSKRAFT&#8220; (Aufdruck: Schwarz\/Beige\/Gold)<br \/>\n&#8211; &#8222;Wolfskind&#8220; (Aufdruck: Schwarz\/Beige\/Gold)<br \/>\n&#8211; &#8222;Furthark &#8211; Der Runenbaum&#8220; (Aufdruck: Schwarz\/Beige\/Gold)<\/p>\n<p>&#8211; &#8222;Neue Barden braucht das Land&#8220;\u00a0 (nur noch schwarz)<br \/>\n&#8211; &#8222;Ich bin ein freier, friedvoller, lebendiger Mensch&#8220; mit der Lebens &amp; Schutzrune richtig herum\u00a0 !!(DERZEIT VERGRIFFEN)!!<br \/>\n&#8211; &#8222;Eloas Min Barden&#8220; mit Bardenharfe-Emblem (CD Liebeslied &amp; Minnesang)\u00a0\u00a0\u00a0 (Aufdruck: Schwarz\/Beige\/Gold)<br \/>\n&#8211; &#8222;Epona &#8211; keltische Pferdekraft&#8220; mit keltischem Pferdeemblem\u00a0 NEU nun in Gold oder Schwarz\u00a0 Beige ist vergriffen !<br \/>\n&#8211; &#8222;ORGANISCH-DYNAMISCH (das Hoody f\u00fcr Jugendliche &#8222;\u00d6ko`s&#8220;)\u00a0 (Aufdruck: Schwarz\/Beige\/Gold)<\/p>\n<p>Bitte bestelle momentan noch mit Begleittext, welche Gr\u00f6\u00dfe, Farbe, und welchen Aufdruck Du haben willst !!!<\/p>\n<p>Farben: Dunkelblau, Bordeaux, Schwarz, Graumelliert, Heugr\u00fcn und vieles mehr (siehe Farbtabelle in der Produktgallerie)<\/p>\n<p>Gr\u00f6\u00dfen: XS, S, M, L, XL, XXL, XXXL\u00a0\u00a0\u00a0\u00a0\u00a0\u00a0\u00a0\u00a0\u00a0 !! NEU:\u00a0 Es gibt auch in gleicher Qualit\u00e4t nun Jogginghosen !! &#8211; Bitte nachfragen !!<\/p>\n","protected":false},"excerpt":{"rendered":"<p>Hier unsere genialen T-Shirts, (Kurzarmhemd &#8211; auch Leibchen genannt): 100% Baumwolle 100% ORGANIC !! (GOTS zertifiziert) 100% fair traid selbst die Druckfarbe ist \u00f6kologische Pflanzenfarbe (GOTS zertifiziert) Die Aufdrucke, die wir f\u00fcr Dich gestaltet haben, sollten zum einen den klassischen Barden-Fan ansprechen, dar\u00fcber hinaus aber auch einen Gegenpol zu den \u00fcblichen langweiligen immer wiederkehrenden Carlifornia [&hellip;]<\/p>\n","protected":false},"featured_media":314,"template":"","meta":[],"product_cat":[32],"product_tag":[],"_links":{"self":[{"href":"https:\/\/eloasminbarden.de\/shop\/wp-json\/wp\/v2\/product\/313"}],"collection":[{"href":"https:\/\/eloasminbarden.de\/shop\/wp-json\/wp\/v2\/product"}],"about":[{"href":"https:\/\/eloasminbarden.de\/shop\/wp-json\/wp\/v2\/types\/product"}],"wp:featuredmedia":[{"embeddable":true,"href":"https:\/\/eloasminbarden.de\/shop\/wp-json\/wp\/v2\/media\/314"}],"wp:attachment":[{"href":"https:\/\/eloasminbarden.de\/shop\/wp-json\/wp\/v2\/media?parent=313"}],"wp:term":[{"taxonomy":"product_cat","embeddable":true,"href":"https:\/\/eloasminbarden.de\/shop\/wp-json\/wp\/v2\/product_cat?post=313"},{"taxonomy":"product_tag","embeddable":true,"href":"https:\/\/eloasminbarden.de\/shop\/wp-json\/wp\/v2\/product_tag?post=313"}],"curies":[{"name":"wp","href":"https:\/\/api.w.org\/{rel}","templated":true}]}}