{"id":223,"date":"2018-06-24T12:27:41","date_gmt":"2018-06-24T10:27:41","guid":{"rendered":"https:\/\/eloasminbarden.de\/shop\/?post_type=product&#038;p=223"},"modified":"2021-02-07T18:19:45","modified_gmt":"2021-02-07T17:19:45","slug":"festderbaeume-video","status":"publish","type":"product","link":"https:\/\/eloasminbarden.de\/shop\/produkt\/festderbaeume-video\/","title":{"rendered":"Fest der B\u00e4ume Video und MP3 (2008) Download"},"content":{"rendered":"<p>Fest der B\u00e4ume Video &amp; MP3 (2008)<\/p>\n<p>140 Minuten Live-Konzertmitschnitt als Video und MP3<br \/>\nFest der B\u00e4ume\/Musik im Stadtgarten \u00dcberlingen 2008<\/p>\n<p>Eloas Lachenmayr: Gesang und Gitarren<br \/>\nSimone Freim\u00fcller: Gesang, irische Rahmentrommel<br \/>\nEdmund Darman: keltische Harfe, Gesang<br \/>\nBholanath Kaiser: Trompete, Didgeridoo<br \/>\nJ\u00f6rg Holik: indische Tabla, spanische Cajon, Gesang<br \/>\nBernd Klenk: Sufifl\u00f6te (Ney), Querfl\u00f6te<br \/>\nAlexander Hog: Schlagzeug, Congas<br \/>\nChris van String: Laute, Elektro- und Akkustik-Gittarren, Gesang<br \/>\nWolfgang von Boyen: Akkustikbass<\/p>\n<p>Titel:<br \/>\nHimmel und Erde, Einfach Leben, Freies Geld, S\u00f6hne &amp; T\u00f6chter der Erde, Das Leben will Dich ganz, Gott und G\u00f6ttin, Lausche Nur, It was a dream, Tibetlied, Die Dolmen, An Chachtu Suifalka, Heisse Tr\u00e4nen, Lied des Barden, Liebeslied, Das Lied der B\u00e4ume, Back to your heart, Eurabica.<\/p>\n<p>Gefilmt von Jost Bradke und Edelwei\u00df Produktion (7 Kameras)<br \/>\nGemischt von Chris Muijzert<br \/>\nNachbearbeitung, Schnitt und Synchronisation Irina Busl<\/p>\n<p><a href=\"https:\/\/eloasminbarden.de\/shop\/produkt\/fest-der-baeume-dvd\/\">Das Video ist auch als DVD erh\u00e4ltlich.<\/a><\/p>\n<p><strong>Nach Eingang der Zahlung erhalten Sie eine Mail mit dem Download-Link<\/strong>.<\/p>\n","protected":false},"excerpt":{"rendered":"<p>Die Neuen Barden live: 140 Minuten Konzertmitschnitt als Video und MP3<\/p>\n","protected":false},"featured_media":198,"template":"","meta":[],"product_cat":[56],"product_tag":[],"_links":{"self":[{"href":"https:\/\/eloasminbarden.de\/shop\/wp-json\/wp\/v2\/product\/223"}],"collection":[{"href":"https:\/\/eloasminbarden.de\/shop\/wp-json\/wp\/v2\/product"}],"about":[{"href":"https:\/\/eloasminbarden.de\/shop\/wp-json\/wp\/v2\/types\/product"}],"wp:featuredmedia":[{"embeddable":true,"href":"https:\/\/eloasminbarden.de\/shop\/wp-json\/wp\/v2\/media\/198"}],"wp:attachment":[{"href":"https:\/\/eloasminbarden.de\/shop\/wp-json\/wp\/v2\/media?parent=223"}],"wp:term":[{"taxonomy":"product_cat","embeddable":true,"href":"https:\/\/eloasminbarden.de\/shop\/wp-json\/wp\/v2\/product_cat?post=223"},{"taxonomy":"product_tag","embeddable":true,"href":"https:\/\/eloasminbarden.de\/shop\/wp-json\/wp\/v2\/product_tag?post=223"}],"curies":[{"name":"wp","href":"https:\/\/api.w.org\/{rel}","templated":true}]}}