{"id":162,"date":"2018-06-23T12:27:09","date_gmt":"2018-06-23T10:27:09","guid":{"rendered":"https:\/\/eloasminbarden.de\/shop\/?post_type=product&#038;p=162"},"modified":"2025-10-06T12:35:18","modified_gmt":"2025-10-06T10:35:18","slug":"soehne-und-toechter-mp3","status":"publish","type":"product","link":"https:\/\/eloasminbarden.de\/shop\/produkt\/soehne-und-toechter-mp3\/","title":{"rendered":"S\u00f6hne und T\u00f6chter der Erde MP3 (2007)"},"content":{"rendered":"<p>S\u00f6hne und T\u00f6chter der Erde (2007)<\/p>\n<p>Das Album &#8222;S\u00f6hne &amp; T\u00f6chter der Erde&#8220; hat den 1. Preis beim Deutschen Rock &amp; Pop Preis 2007 gewonnen.<br \/>\n&#8222;Das brandneue Album der Neuen Barden ist ein Quantensprung in ihrer bisherigen Musik&#8220; (Klangwelten). Mit einer Spannung zwischen sehr rhythmusorientierten, auch von der textlichen Aussage sehr kraftvollen St\u00fccken und im zweiten Teil einigen sehr puristischen St\u00fccken, die unter die Haut gehen durch ihre Intensit\u00e4t und Poesie, schaffen es Eloas und seine Musiker den H\u00f6rer durch alle Emotionen hindurchzuf\u00fchren.<\/p>\n<p>Nach Eingang der Zahlung erhalten Sie eine Mail mit dem Download-Link. Bei Zahlung per Paypal erhalten Sie diese Email direkt nach Zahlungsabwicklung, bei \u00dcberweisung kann es ein paar Tage<br \/>\ndauern. Sie k\u00f6nnen die Datei dann 30 Tage lang herunterladen.<\/p>\n<p>\/\/<\/p>\n","protected":false},"excerpt":{"rendered":"<p>S\u00f6hne und T\u00f6chter der Erde MP3 (2007)<\/p>\n<p>Eloas Lachenmayr \/ Die Neuen Barden<\/p>\n","protected":false},"featured_media":163,"template":"","meta":[],"product_cat":[42],"product_tag":[],"_links":{"self":[{"href":"https:\/\/eloasminbarden.de\/shop\/wp-json\/wp\/v2\/product\/162"}],"collection":[{"href":"https:\/\/eloasminbarden.de\/shop\/wp-json\/wp\/v2\/product"}],"about":[{"href":"https:\/\/eloasminbarden.de\/shop\/wp-json\/wp\/v2\/types\/product"}],"wp:featuredmedia":[{"embeddable":true,"href":"https:\/\/eloasminbarden.de\/shop\/wp-json\/wp\/v2\/media\/163"}],"wp:attachment":[{"href":"https:\/\/eloasminbarden.de\/shop\/wp-json\/wp\/v2\/media?parent=162"}],"wp:term":[{"taxonomy":"product_cat","embeddable":true,"href":"https:\/\/eloasminbarden.de\/shop\/wp-json\/wp\/v2\/product_cat?post=162"},{"taxonomy":"product_tag","embeddable":true,"href":"https:\/\/eloasminbarden.de\/shop\/wp-json\/wp\/v2\/product_tag?post=162"}],"curies":[{"name":"wp","href":"https:\/\/api.w.org\/{rel}","templated":true}]}}