{"id":159,"date":"2018-06-23T12:05:28","date_gmt":"2018-06-23T10:05:28","guid":{"rendered":"https:\/\/eloasminbarden.de\/shop\/?post_type=product&#038;p=159"},"modified":"2020-12-08T19:02:47","modified_gmt":"2020-12-08T18:02:47","slug":"instrumental-mp3","status":"publish","type":"product","link":"https:\/\/eloasminbarden.de\/shop\/produkt\/instrumental-mp3\/","title":{"rendered":"Instrumental-Lieder MP3 (2014)"},"content":{"rendered":"<p>Instrumental-Lieder (2014)<\/p>\n<p>16 Gema-freie Instrumental\u2010Lieder aus dem Album &#8222;Himmel &amp; Erde&#8220; u.a. Es handelt sich hier um die Lieder der Neuen Barden, in denen die Gesangsspuren stumm geschalten wurden. H\u00f6rproben des Albums &#8222;Himmel &amp; Erde&#8220; mit Gesang findest Du hier im Shop &#8211; in der Beschreibung des Albums.<\/p>\n<p>Du darfst diese Instrumentalversionen frei f\u00fcr Videoproduktionen, Youtube und andere Ver\u00f6ffentlichungen im Netz ausschlie\u00dflich im Videobereich nutzen, solange das Original nicht ver\u00e4ndert wird und Du im Abspann bzw. dem r\u00fcckw\u00e4rtigen Cover diese Informationen hinterlegst:<\/p>\n<p>Musik: Jens Eloas Lachenmayr\/Die Neuen Barden<br \/>\nAlle Rechte im Verlag der Neuen Barden 2014<br \/>\nwww.dieneuenbarden.de<\/p>\n<p>Solltest Du Dein Produkt im \u00f6ffentlichen oder privaten Fernsehen platzieren wollen \u2010 also an weitere Rechtehalter verkaufen wollen \u2010 musst Du mit uns noch einmal R\u00fccksprache halten. Ansonsten \u00fcbertragen wir Dir hier dieserart eingeschr\u00e4nkte Nutzungsrechte f\u00fcr diese 16 Lieder.<\/p>\n<p>Nach Eingang der Zahlung erhalten Sie eine Mail mit dem Download-Link. Bei Zahlung per Paypal erhalten Sie diese Email direkt nach Zahlungsabwicklung, bei \u00dcberweisung kann es ein paar Tage dauern. Sie k\u00f6nnen die Datei dann 30 Tage lang herunterladen.<\/p>\n","protected":false},"excerpt":{"rendered":"<p>Instrumental-Lieder MP3 (2014)<\/p>\n<p>Jens Eloas Lachenmayr \/ Die Neuen Barden<\/p>\n","protected":false},"featured_media":160,"template":"","meta":[],"product_cat":[42],"product_tag":[],"_links":{"self":[{"href":"https:\/\/eloasminbarden.de\/shop\/wp-json\/wp\/v2\/product\/159"}],"collection":[{"href":"https:\/\/eloasminbarden.de\/shop\/wp-json\/wp\/v2\/product"}],"about":[{"href":"https:\/\/eloasminbarden.de\/shop\/wp-json\/wp\/v2\/types\/product"}],"wp:featuredmedia":[{"embeddable":true,"href":"https:\/\/eloasminbarden.de\/shop\/wp-json\/wp\/v2\/media\/160"}],"wp:attachment":[{"href":"https:\/\/eloasminbarden.de\/shop\/wp-json\/wp\/v2\/media?parent=159"}],"wp:term":[{"taxonomy":"product_cat","embeddable":true,"href":"https:\/\/eloasminbarden.de\/shop\/wp-json\/wp\/v2\/product_cat?post=159"},{"taxonomy":"product_tag","embeddable":true,"href":"https:\/\/eloasminbarden.de\/shop\/wp-json\/wp\/v2\/product_tag?post=159"}],"curies":[{"name":"wp","href":"https:\/\/api.w.org\/{rel}","templated":true}]}}