{"id":155,"date":"2018-06-23T11:52:15","date_gmt":"2018-06-23T09:52:15","guid":{"rendered":"https:\/\/eloasminbarden.de\/shop\/?post_type=product&#038;p=155"},"modified":"2025-01-20T22:13:23","modified_gmt":"2025-01-20T21:13:23","slug":"ich-botschaften-cd","status":"publish","type":"product","link":"https:\/\/eloasminbarden.de\/shop\/produkt\/ich-botschaften-cd\/","title":{"rendered":"ICH-Botschaften CD (2010)  (Siehe auch Mp3)"},"content":{"rendered":"<p>ICH-Botschaften (2010)<\/p>\n<p>Das f\u00fcr den Deutschen Songpreis 2010 nominierte Album hat echten Hit-Charakter! Mit seinem Musikerkollegen und Produzenten J\u00f6rg Holik hat Eloas Lachenmayr neun Monate an einem bisher unvergleichlichen Album gearbeitet. Ein feiner Drahtseilakt zwischen aufwendig produzierten Liedern in der ersten H\u00e4lfte der CD und ganz puristischen St\u00fccken im zweiten Teil machen das Album zu einem Genuss. So wird der H\u00f6rer zun\u00e4chst durch rhythmusbetonte Arrangements und klare textliche Aussagen angeheizt. Doch gewinnt man schnell den Eindruck, dass es hier letztendlich um eine Reise geht &#8211; eine Reise zu sich selbst.<\/p>\n<p>Titel:<\/p>\n<ol>\n<li>Erwacht<\/li>\n<li>Friedvolle Krieger<\/li>\n<li>Mut-Macht-Lied<\/li>\n<li>ICH-Sein<\/li>\n<li>Fire &amp; Ice<\/li>\n<li>NUN<\/li>\n<li>Dein Wille geschehe<\/li>\n<li>Liebe kann nicht wirklich verloren gehen<\/li>\n<li>After the night<\/li>\n<li>ICH-Botschaften<\/li>\n<\/ol>\n<p>\/\/<\/p>\n","protected":false},"excerpt":{"rendered":"<p>ICH-Botschaften CD (2010)<\/p>\n<p>Eloas Lachenmayr &amp; Freunde<\/p>\n","protected":false},"featured_media":153,"template":"","meta":[],"product_cat":[43],"product_tag":[],"_links":{"self":[{"href":"https:\/\/eloasminbarden.de\/shop\/wp-json\/wp\/v2\/product\/155"}],"collection":[{"href":"https:\/\/eloasminbarden.de\/shop\/wp-json\/wp\/v2\/product"}],"about":[{"href":"https:\/\/eloasminbarden.de\/shop\/wp-json\/wp\/v2\/types\/product"}],"wp:featuredmedia":[{"embeddable":true,"href":"https:\/\/eloasminbarden.de\/shop\/wp-json\/wp\/v2\/media\/153"}],"wp:attachment":[{"href":"https:\/\/eloasminbarden.de\/shop\/wp-json\/wp\/v2\/media?parent=155"}],"wp:term":[{"taxonomy":"product_cat","embeddable":true,"href":"https:\/\/eloasminbarden.de\/shop\/wp-json\/wp\/v2\/product_cat?post=155"},{"taxonomy":"product_tag","embeddable":true,"href":"https:\/\/eloasminbarden.de\/shop\/wp-json\/wp\/v2\/product_tag?post=155"}],"curies":[{"name":"wp","href":"https:\/\/api.w.org\/{rel}","templated":true}]}}