{"id":152,"date":"2018-06-23T11:43:27","date_gmt":"2018-06-23T09:43:27","guid":{"rendered":"https:\/\/eloasminbarden.de\/shop\/?post_type=product&#038;p=152"},"modified":"2025-10-06T12:35:18","modified_gmt":"2025-10-06T10:35:18","slug":"ich-botschaften-mp3","status":"publish","type":"product","link":"https:\/\/eloasminbarden.de\/shop\/produkt\/ich-botschaften-mp3\/","title":{"rendered":"ICH-Botschaften MP3 (2010)"},"content":{"rendered":"<p>ICH-Botschaften (2010)<\/p>\n<p>Das f\u00fcr den Deutschen Songpreis 2010 nominierte Album hat echten Hit-Charakter! Mit seinem Musikerkollegen und Produzenten J\u00f6rg Holik hat Eloas Lachenmayr neun Monate an einem bisher unvergleichlichen Album gearbeitet. Ein feiner Drahtseilakt zwischen aufwendig produzierten Liedern in der ersten H\u00e4lfte der CD und ganz puristischen St\u00fccken im zweiten Teil machen das Album zu einem Genuss. So wird der H\u00f6rer zun\u00e4chst durch rhythmusbetonte Arrangements und klare textliche Aussagen angeheizt. Doch gewinnt man schnell den Eindruck, dass es hier letztendlich um eine Reise geht &#8211; eine Reise zu sich selbst.<\/p>\n<p>Nach Eingang der Zahlung erhalten Sie eine Mail mit dem Download-Link. Bei Zahlung per Paypal erhalten Sie diese Email direkt nach Zahlungsabwicklung, bei \u00dcberweisung kann es ein paar Tage<br \/>\ndauern. Sie k\u00f6nnen die Datei dann 30 Tage lang herunterladen.<\/p>\n<p>\/\/<\/p>\n","protected":false},"excerpt":{"rendered":"<p>ICH-Botschaften MP3 (2010)<\/p>\n<p>Eloas Lachenmayr &amp; Freunde<\/p>\n","protected":false},"featured_media":153,"template":"","meta":[],"product_cat":[42],"product_tag":[],"_links":{"self":[{"href":"https:\/\/eloasminbarden.de\/shop\/wp-json\/wp\/v2\/product\/152"}],"collection":[{"href":"https:\/\/eloasminbarden.de\/shop\/wp-json\/wp\/v2\/product"}],"about":[{"href":"https:\/\/eloasminbarden.de\/shop\/wp-json\/wp\/v2\/types\/product"}],"wp:featuredmedia":[{"embeddable":true,"href":"https:\/\/eloasminbarden.de\/shop\/wp-json\/wp\/v2\/media\/153"}],"wp:attachment":[{"href":"https:\/\/eloasminbarden.de\/shop\/wp-json\/wp\/v2\/media?parent=152"}],"wp:term":[{"taxonomy":"product_cat","embeddable":true,"href":"https:\/\/eloasminbarden.de\/shop\/wp-json\/wp\/v2\/product_cat?post=152"},{"taxonomy":"product_tag","embeddable":true,"href":"https:\/\/eloasminbarden.de\/shop\/wp-json\/wp\/v2\/product_tag?post=152"}],"curies":[{"name":"wp","href":"https:\/\/api.w.org\/{rel}","templated":true}]}}