{"id":151,"date":"2018-06-23T11:37:28","date_gmt":"2018-06-23T09:37:28","guid":{"rendered":"https:\/\/eloasminbarden.de\/shop\/?post_type=product&#038;p=151"},"modified":"2025-02-25T22:12:48","modified_gmt":"2025-02-25T21:12:48","slug":"heilzeit-cd","status":"publish","type":"product","link":"https:\/\/eloasminbarden.de\/shop\/produkt\/heilzeit-cd\/","title":{"rendered":"Heilzeit  CD   (2012) (siehe auch als MP3 !)"},"content":{"rendered":"<p>Heilzeit (2012) Neue Auflage inklusive dem neuen Lied &#8222;Der Clown&#8220;<\/p>\n<p>Das neueste Lied &#8222;Der Clown&#8220;\u00a0 entstand auf Wunsch und in Zusammenarbeit mit Eloas&#8216; Freund, Rythmiker, Schlagzeuger und Tablaspieler J\u00f6rg Holik und beschreibt die tiefe Innenwelt eines sozial-\u00f6kologisch engagierten Liedermachers. In Zusammenarbeit mit der Produzentin Monica Meggendorfer vollzieht sich ein musikalischer Quantensprung, welcher der Komposition eine besondere emotionale Tiefe verleiht. Der Text stammt von Eloas, die Musik von J\u00f6rg Holik.<\/p>\n<ul>\n<li>Eloas Lachenmayr: Gitarren, Gesang und Zweitstimmen<\/li>\n<li>J\u00f6rg Holik: Schlagzeug, Tabla<\/li>\n<li>Wolfram H\u00f6gerle: Kontrabass<\/li>\n<li>Monica Meggendorfer: Produktion, Komposition des Streichersatzes f\u00fcr das Meggendorfer Kammerorchester<\/li>\n<\/ul>\n<p>Zusammen mit dem Schweizer Pianisten David Pl\u00fcss hat Eloas das Lied &#8222;HEILZEIT&#8220; geschaffen, &#8211; es ist ein echt entspannter H\u00f6rgenu\u00df geworden. Zus\u00e4tzlich sind 13 weitere der sch\u00f6nsten Lieder der letzten 13 Jahre mit auf der neuen CD enthalten und bilden das Themenalbum rund um HEILZEIT. CD im Pappschuber.<\/p>\n<p>\/\/<\/p>\n","protected":false},"excerpt":{"rendered":"<p>Heilzeit CD (2012)<\/p>\n<p>Eloas Lachenmayr &amp; Freunde<\/p>\n","protected":false},"featured_media":900,"template":"","meta":[],"product_cat":[43],"product_tag":[],"_links":{"self":[{"href":"https:\/\/eloasminbarden.de\/shop\/wp-json\/wp\/v2\/product\/151"}],"collection":[{"href":"https:\/\/eloasminbarden.de\/shop\/wp-json\/wp\/v2\/product"}],"about":[{"href":"https:\/\/eloasminbarden.de\/shop\/wp-json\/wp\/v2\/types\/product"}],"wp:featuredmedia":[{"embeddable":true,"href":"https:\/\/eloasminbarden.de\/shop\/wp-json\/wp\/v2\/media\/900"}],"wp:attachment":[{"href":"https:\/\/eloasminbarden.de\/shop\/wp-json\/wp\/v2\/media?parent=151"}],"wp:term":[{"taxonomy":"product_cat","embeddable":true,"href":"https:\/\/eloasminbarden.de\/shop\/wp-json\/wp\/v2\/product_cat?post=151"},{"taxonomy":"product_tag","embeddable":true,"href":"https:\/\/eloasminbarden.de\/shop\/wp-json\/wp\/v2\/product_tag?post=151"}],"curies":[{"name":"wp","href":"https:\/\/api.w.org\/{rel}","templated":true}]}}