{"id":147,"date":"2018-06-23T11:23:10","date_gmt":"2018-06-23T09:23:10","guid":{"rendered":"https:\/\/eloasminbarden.de\/shop\/?post_type=product&#038;p=147"},"modified":"2024-12-07T09:38:44","modified_gmt":"2024-12-07T08:38:44","slug":"heilzeit-mp3","status":"publish","type":"product","link":"https:\/\/eloasminbarden.de\/shop\/produkt\/heilzeit-mp3\/","title":{"rendered":"Heilzeit  MP3 (inklusive &#8222;Der Clown&#8220;)"},"content":{"rendered":"<p>Heilzeit (2012)<\/p>\n<p>Das neueste Lied &#8222;Der Clown&#8220;\u00a0 entstand auf Wunsch und in Zusammenarbeit mit Eloas&#8216; Freund, Rythmiker, Schlagzeuger und Tablaspieler J\u00f6rg Holik und beschreibt die tiefe Innenwelt eines sozial-\u00f6kologisch engagierten Liedermachers. In Zusammenarbeit mit der Produzentin Monica Meggendorfer vollzieht sich ein musikalischer Quantensprung, welcher der Komposition eine besondere emotionale Tiefe verleiht. Der Text stammt von Eloas, die Musik von J\u00f6rg Holik.<\/p>\n<ul>\n<li>Eloas Lachenmayr: Gitarren, Gesang und Zweitstimmen<\/li>\n<li>J\u00f6rg Holik: Schlagzeug, Tabla<\/li>\n<li>Wolfram H\u00f6gerle: Kontrabass<\/li>\n<li>Monica Meggendorfer: Produktion, Komposition des Streichersatzes f\u00fcr das Meggendorfer Kammerorchester<\/li>\n<\/ul>\n<p>Zusammen mit dem Schweizer Pianisten David Pl\u00fcss hat Eloas das Lied &#8222;HEILZEIT&#8220; geschaffen, &#8211; es ist ein echt entspannter H\u00f6rgenu\u00df geworden. Zus\u00e4tzlich sind 13 weitere der sch\u00f6nsten Lieder der letzten 13 Jahre mit auf der neuen CD enthalten und bilden das Themenalbum rund um HEILZEIT. CD im Pappschuber.<\/p>\n<p>Nach Eingang der Zahlung erhalten Sie eine Mail mit dem Download-Link. Bei Zahlung per Paypal erhalten Sie diese Email direkt nach Zahlungsabwicklung, bei \u00dcberweisung kann es ein paar Tage<br \/>\ndauern. Sie k\u00f6nnen die Datei dann 30 Tage lang herunterladen.<\/p>\n<p>\/\/<\/p>\n","protected":false},"excerpt":{"rendered":"<p>Heilzeit MP3 (2012)\u00a0 NEU: inklusive &#8222;Der Clown&#8220;<\/p>\n<p>Eloas Lachenmayr &amp; Freunde<\/p>\n","protected":false},"featured_media":900,"template":"","meta":[],"product_cat":[42],"product_tag":[],"_links":{"self":[{"href":"https:\/\/eloasminbarden.de\/shop\/wp-json\/wp\/v2\/product\/147"}],"collection":[{"href":"https:\/\/eloasminbarden.de\/shop\/wp-json\/wp\/v2\/product"}],"about":[{"href":"https:\/\/eloasminbarden.de\/shop\/wp-json\/wp\/v2\/types\/product"}],"wp:featuredmedia":[{"embeddable":true,"href":"https:\/\/eloasminbarden.de\/shop\/wp-json\/wp\/v2\/media\/900"}],"wp:attachment":[{"href":"https:\/\/eloasminbarden.de\/shop\/wp-json\/wp\/v2\/media?parent=147"}],"wp:term":[{"taxonomy":"product_cat","embeddable":true,"href":"https:\/\/eloasminbarden.de\/shop\/wp-json\/wp\/v2\/product_cat?post=147"},{"taxonomy":"product_tag","embeddable":true,"href":"https:\/\/eloasminbarden.de\/shop\/wp-json\/wp\/v2\/product_tag?post=147"}],"curies":[{"name":"wp","href":"https:\/\/api.w.org\/{rel}","templated":true}]}}