{"id":143,"date":"2018-06-23T10:52:07","date_gmt":"2018-06-23T08:52:07","guid":{"rendered":"https:\/\/eloasminbarden.de\/shop\/?post_type=product&#038;p=143"},"modified":"2025-08-03T18:42:25","modified_gmt":"2025-08-03T16:42:25","slug":"pilgerreise-cd","status":"publish","type":"product","link":"https:\/\/eloasminbarden.de\/shop\/produkt\/pilgerreise-cd\/","title":{"rendered":"Pilgerreise CD (2013)"},"content":{"rendered":"<p>Pilgerreise (2013)<\/p>\n<p>Das vorliegende Album ist ein Reisetagebuch durch dreizehn Jahre Barden-Sein oder Nicht-Sein. Es enth\u00e4lt sechs Lieder, die auf dem Fest der B\u00e4ume 2008 spontan und mit aller damit verbundener Unvollkommenheit aufgenommen wurden und findet seinen H\u00f6hepunkt im Immergr\u00fcn-Lied, welches als 7. Lied die eigentliche Pilgerreise darstellt.<\/p>\n<p>\/\/<\/p>\n","protected":false},"excerpt":{"rendered":"<p>Pilgerreise CD (2013)<\/p>\n<p>Jens Eloas Lachenmayr &amp; Die Neuen Barden<\/p>\n","protected":false},"featured_media":145,"template":"","meta":[],"product_cat":[43],"product_tag":[],"_links":{"self":[{"href":"https:\/\/eloasminbarden.de\/shop\/wp-json\/wp\/v2\/product\/143"}],"collection":[{"href":"https:\/\/eloasminbarden.de\/shop\/wp-json\/wp\/v2\/product"}],"about":[{"href":"https:\/\/eloasminbarden.de\/shop\/wp-json\/wp\/v2\/types\/product"}],"wp:featuredmedia":[{"embeddable":true,"href":"https:\/\/eloasminbarden.de\/shop\/wp-json\/wp\/v2\/media\/145"}],"wp:attachment":[{"href":"https:\/\/eloasminbarden.de\/shop\/wp-json\/wp\/v2\/media?parent=143"}],"wp:term":[{"taxonomy":"product_cat","embeddable":true,"href":"https:\/\/eloasminbarden.de\/shop\/wp-json\/wp\/v2\/product_cat?post=143"},{"taxonomy":"product_tag","embeddable":true,"href":"https:\/\/eloasminbarden.de\/shop\/wp-json\/wp\/v2\/product_tag?post=143"}],"curies":[{"name":"wp","href":"https:\/\/api.w.org\/{rel}","templated":true}]}}