{"id":1313,"date":"2020-12-18T09:50:18","date_gmt":"2020-12-18T08:50:18","guid":{"rendered":"https:\/\/eloasminbarden.de\/shop\/?post_type=product&#038;p=1313"},"modified":"2025-01-20T22:15:40","modified_gmt":"2025-01-20T21:15:40","slug":"weihnachtsangebot-3-cds-nicht-von-dieser-welt-wandelzeit-liebeslied-minnesang","status":"publish","type":"product","link":"https:\/\/eloasminbarden.de\/shop\/produkt\/weihnachtsangebot-3-cds-nicht-von-dieser-welt-wandelzeit-liebeslied-minnesang\/","title":{"rendered":"Sponsorenangebot: (2  x 10 CD`s) &#8211; Nicht von dieser Welt &#038; Wandelzeit"},"content":{"rendered":"<ol>\n<li><em><strong>Nicht von dieser Welt<\/strong><\/em> (16 neue Lieder) NEU !!!<\/li>\n<li><em><strong>WANDELZEIT\u00a0\u00a0\u00a0\u00a0\u00a0\u00a0\u00a0\u00a0\u00a0\u00a0\u00a0\u00a0\u00a0\u00a0\u00a0<\/strong><\/em> (15 Lieder &#8211; die CD dieses denkw\u00fcrdigen Sommers 2020)<\/li>\n<\/ol>\n<p>Die beiden CD<code>s m\u00f6chte ich Euch zur St\u00e4rkung f\u00fcr diese Zeit ans Herz legen. Die Lieder sollen Euch Hoffnung machen und den Mut sch\u00fcren f\u00fcr ein Jahr, wo es darauf ankommen wird, dass wir unsere eigene innere Kraft kommen, um unsere Selbstbestimmtheit im Innen wie im Au\u00dfen wiederzuerlangen. - Dies zu einem sehr erschwinglichen Preis - 30 Lieder - man, man, man - wenn das nix is ?\u00a0 Wenn Du dabei nicht nur an Dich denkst, sondern auch an Deine Freunde und Feinde, so gibt es hier das Angebot von zwei mal F\u00fcnf CD<\/code>s\u00a0 dieser beiden Alben zum weiterverschenken. &#8211; Also ab in den Warenkorb damit ;-). Durch Deine Bestellung erm\u00f6glichst Du die Wiederauflage des fast vergriffenen Albums WANDELZEIT &#8211; Danke Dir daf\u00fcr !!<\/p>\n","protected":false},"excerpt":{"rendered":"<p>Nicht von dieser Welt (16 neue Lieder) NEU !!! WANDELZEIT\u00a0\u00a0\u00a0\u00a0\u00a0\u00a0\u00a0\u00a0\u00a0\u00a0\u00a0\u00a0\u00a0\u00a0\u00a0 (15 Lieder &#8211; die CD dieses denkw\u00fcrdigen Sommers 2020) Die beiden CDs m\u00f6chte ich Euch zur St\u00e4rkung f\u00fcr diese Zeit ans Herz legen. Die Lieder sollen Euch Hoffnung machen und den Mut sch\u00fcren f\u00fcr ein Jahr, wo es darauf ankommen wird, dass wir unsere eigene [&hellip;]<\/p>\n","protected":false},"featured_media":1316,"template":"","meta":[],"product_cat":[43],"product_tag":[],"_links":{"self":[{"href":"https:\/\/eloasminbarden.de\/shop\/wp-json\/wp\/v2\/product\/1313"}],"collection":[{"href":"https:\/\/eloasminbarden.de\/shop\/wp-json\/wp\/v2\/product"}],"about":[{"href":"https:\/\/eloasminbarden.de\/shop\/wp-json\/wp\/v2\/types\/product"}],"wp:featuredmedia":[{"embeddable":true,"href":"https:\/\/eloasminbarden.de\/shop\/wp-json\/wp\/v2\/media\/1316"}],"wp:attachment":[{"href":"https:\/\/eloasminbarden.de\/shop\/wp-json\/wp\/v2\/media?parent=1313"}],"wp:term":[{"taxonomy":"product_cat","embeddable":true,"href":"https:\/\/eloasminbarden.de\/shop\/wp-json\/wp\/v2\/product_cat?post=1313"},{"taxonomy":"product_tag","embeddable":true,"href":"https:\/\/eloasminbarden.de\/shop\/wp-json\/wp\/v2\/product_tag?post=1313"}],"curies":[{"name":"wp","href":"https:\/\/api.w.org\/{rel}","templated":true}]}}