{"id":1050,"date":"2020-07-16T21:26:35","date_gmt":"2020-07-16T19:26:35","guid":{"rendered":"https:\/\/eloasminbarden.de\/shop\/?post_type=product&#038;p=1050"},"modified":"2022-09-03T10:15:53","modified_gmt":"2022-09-03T08:15:53","slug":"wandelzeit-neu-inklusive-wir-sind-wieder-erwachtbonus","status":"publish","type":"product","link":"https:\/\/eloasminbarden.de\/shop\/produkt\/wandelzeit-neu-inklusive-wir-sind-wieder-erwachtbonus\/","title":{"rendered":"Wandelzeit &#8211; NEU (Wir sind wieder erwacht+Bonus) MP3"},"content":{"rendered":"<p>Diese CD beeinhaltet das neue Lied &#8222;Wir sind wieder Erwacht&#8220; und m\u00f6chte in dieser Zeit des Wandels einen inspirierenden Beitrag leisten sich seiner eigenen Bildung, seinen eigenen Bildern hinzuwenden und sich zu eigenen Gedanken und Empfindungen auf den Weg zu machen.<\/p>\n<p>Ein Album mit 15 mutmachenden Liedern. 100% Gema-Frei<\/p>\n<p>Das Cover ist von Frau Immergr\u00fcn hangemalt und symbolisiert die drei Farben Schwarz, Rot und Gold: Schwarz, die Farbe der guten n\u00e4hrstoffreichen Erde, auf der wir stehen und die uns alle gleich mit Nahrung versorgt (Gleichheit im Rechtsleben), Rot, die Farbe des Herzens und des sozialen und sch\u00f6pferischen Menschen im geschwisterlichen Austausch (Geschwisterlichkeit im Wirtschaftsleben und im Sozialen) und der Farbe Gold f\u00fcr die Sonne, das Licht, unseren Kopf, unser eigenst\u00e4ndiges Denken (Freiheit im Geistesleben).\u00a0 Mehr dazu unter dem Begriff &#8222;Soziale Dreigliederung&#8220; von Rudolf Steiner. Dann ist dort ein G\u00e4nsebl\u00fcmchen zu sehen mit der Lebensrune oder auch Friedensrune abgebildet. Symbolisch wie ein Mensch auf seinen F\u00fc\u00dfen stehend, der die H\u00e4nde zum Himmel streckt.\u00a0 Das G\u00e4nsebl\u00fcmchen, auch Korona-Bl\u00fcmchen genannt, steht als Heilkraut uns Menschen zur Verf\u00fcgung wenn wir Durchhaltekr\u00e4fte brauchen, es st\u00e4rkt unsere Widerstandskraft und symbolisiert die Kraft, die von einer winzigen Pflanze ausgeht, die doch so viel bewirken kann.<\/p>\n<p>Im folgenden werden nun kurz die 15 Lieder vorgestellt, die sich auf dem Album befinden:<\/p>\n<p>Alle Lieder in Worten &amp; Weise, Text &amp; Musik stammen aus der Feder von Eloas M\u00edn Barden und sind im Barden Musikverlag 2020 erschienen. Alle Rechte im Bardenmusikverlag 2020<\/p>\n<p><strong>WANDELZEIT 2020<\/strong><\/p>\n<p><strong>1. Wir sind wieder erwacht<\/strong> (Album Nicht von dieser Welt 2020) Ein Lied, welches unsere inneren Bilder wieder wach rufen will um den Fremdbildern, die uns st\u00e4ndig vorgesetzt werden etwas entgegnen zu k\u00f6nnen.<\/p>\n<p><strong>2. S\u00f6hne &amp; T\u00f6chter der Erde<\/strong> (Album S\u00f6hne &amp; T\u00f6chter der Erde 2007) Dieses Lied ist all den Kindern gewidmet, die mit dem gegenw\u00e4rtigen System einfach nicht mehr klarkommen, die uns aus der Zukunft entgegenkommen um uns einen Ausweg aus der gegenw\u00e4rtigen Missere zu zeigen<\/p>\n<p><strong>3. Die wei\u00dfe Rose<\/strong> (Album Die blaue Blume 2016) Ein Lied welches aktueller nicht sein k\u00f6nnte. Die Geschwister Scholl haben es f\u00f6rmlich nicht mehr ausgehalten, damals, sie mussten aufzeigen, dass sich das totalit\u00e4re System gegen die Menschen richtet, ihnen alle Freiheiten schleichend beraubt, immer mit guten Gr\u00fcnden versehen, mit gleichgeschaltenen Medien. Sie mussten auf die Starsse gehen und Flugbl\u00e4tter verteilen&#8230;..<\/p>\n<p><strong>4. Die blaue Blume<\/strong> (Album Die blaue Blume 2016) Die Suche des Menschen nach der Blauen Blume ging schon von den Dichtern und Denkern der Romantik aus. Schiller und Goethe waren Wegbereiter dieser Bewegung &#8211; der Suche des Menschen nach etwas transzendentem, etwas h\u00f6herem, welches der Lebenssuche einen h\u00f6heren Sinn verleiht, vielleicht sogar die Erinnerung weckt, warum wir \u00fcberhaupt auf diese Erde gekommen sind.<\/p>\n<p><strong>5. Friedvolle Krieger<\/strong> (Album ICH-Botschaften 2010) Der Frieden, den wir uns in der Welt w\u00fcnschen, f\u00e4ngt im eigenen Herzen an. Mit einem inhaltlichen Zitat aus Schillers \u00e4sthetischen Briefen. Dieses Lied war der Wegbereiter f\u00fcr Eloas seine ganzen Friedensinitiativen, wie z.b. der Friedensmenschenketten um den Bodensee und andere Seen in Deutschland, \u00d6sterreichs und der Schweiz, den Friedensbriefen nach Russland und anderen Friedensprojekten.<\/p>\n<p><strong>6. Freies Geld<\/strong> (S\u00f6hne &amp; T\u00f6chter der Erde 2007) Mit diesem Lied wurden in der Vergangenheit viele Regionalgeldgruppen mit angeschoben. Ein Geldsystem ohne Zinsen, welches die regionalen Kreisl\u00e4ufe st\u00e4rken kann.<\/p>\n<p><strong>7. Bist Du Bereit<\/strong> (S\u00f6hne &amp; T\u00f6chter der Erde 2007) Ein Aufwachlied f\u00fcr alle Beamten und Angestellten, die glauben, sie f\u00fchren nur aus was die Obrigkeit will und tr\u00fcgen keine Verantwortung f\u00fcr das was sie tun.<\/p>\n<p><strong>8. Das Leben will Dich ganz<\/strong> (Forgotten Sound 2008) Ein Erweckungslied an die eigene Seele<\/p>\n<p><strong>9. Der Traum<\/strong> (Die blaue Blume 2016) Ein Lied welches aufzeigt, was uns der Mobilfunk kostet &#8211; und vor allem eine L\u00f6sung daf\u00fcr bereit h\u00e4lt<\/p>\n<p><strong>10. Einfach Leben<\/strong> (S\u00f6hne &amp; T\u00f6chter der Erde 2007) Viele von uns mussten die schmerzhafte Erfahrung machen, dass sich Freunde von uns abgewendet haben, wenn wir dem Ruf unseres Herzens Folge geleistet haben&#8230;<\/p>\n<p><strong>11. Der Zauberlehrling<\/strong> (Himmel &amp; Erde 2005) Was fr\u00fcher die Zauberei war ist heute oft (nicht immer) die Esotherik\u00a0 (Der Esotherik-Lehrling)<\/p>\n<p><strong>12. Die Journalistin<\/strong> (Himmel &amp; Erde 2005) Die irische Journalistin Veronica Guerin hat gro\u00dfen Mut und Zivilcourage bewiesen und kurz vor dem Durchbruch zum Erfolg tragischerweise ihr Leben gelassen. Doch noch heute ist sie Vorbild f\u00fcr mutigen investigativen Journalismus, der am Ende destruktive Strukturen aufsp\u00fcren und eliminieren hilft.<\/p>\n<p><strong>13. Erleuchtet sind die Pfade<\/strong> (Forgotten Sound 2008) Ein Pfingstlied<\/p>\n<p><strong>14. Dein Wille geschehe<\/strong>\u00a0 (ICH-Botschaften 2010) Dieses Lied ist entstanden, als ich meine Mutter im Sterbeprozess begleitet habe<\/p>\n<p><strong>15. Fr\u00fchlingswind<\/strong> (S\u00f6hne &amp; T\u00f6chter der Erde 2007) Ein Lied f\u00fcr Paare, die sich auseinandergelebt haben, um sich wieder neu zu finden<\/p>\n<p><strong>Bonuslied 1:\u00a0 Das Bauernlied<\/strong> (Himmel &amp; Erde 2005) Dieses Lied ist das Zugpferd f\u00fcr viele gentechnikfreie Anbauregionen in Deutschland, \u00d6sterreich und der Schweiz geworden.<\/p>\n<p><strong>Bonuslied 2:\u00a0 Mut-Macht-Lied<\/strong> (ICH-Botschaften 2010) Das Lied wurde ist ein Lied gegen Mobbing und f\u00fcr Zivilcourage und wurde von der Journalistin und Autorin Eva-Maria Bast angeregt.<\/p>\n<p><strong>Bonuslied 3:\u00a0 Der Traum\u00a0<\/strong> (LIVE 2018)\u00a0 &#8211; siehe oben<\/p>\n","protected":false},"excerpt":{"rendered":"<p>Diese CD beeinhaltet das neue Lied &#8222;Wir sind wieder Erwacht&#8220; und m\u00f6chte in dieser Zeit des Wandels einen inspirierenden Beitrag leisten sich seiner eigenen Bildung, seinen eigenen Bildern hinzuwenden und sich zu eigenen Gedanken und Empfindungen auf den Weg zu machen. Ein Album mit 15 mutmachenden Liedern. 100% Gema-Frei Das Cover ist von Frau Immergr\u00fcn [&hellip;]<\/p>\n","protected":false},"featured_media":1038,"template":"","meta":[],"product_cat":[42],"product_tag":[],"_links":{"self":[{"href":"https:\/\/eloasminbarden.de\/shop\/wp-json\/wp\/v2\/product\/1050"}],"collection":[{"href":"https:\/\/eloasminbarden.de\/shop\/wp-json\/wp\/v2\/product"}],"about":[{"href":"https:\/\/eloasminbarden.de\/shop\/wp-json\/wp\/v2\/types\/product"}],"wp:featuredmedia":[{"embeddable":true,"href":"https:\/\/eloasminbarden.de\/shop\/wp-json\/wp\/v2\/media\/1038"}],"wp:attachment":[{"href":"https:\/\/eloasminbarden.de\/shop\/wp-json\/wp\/v2\/media?parent=1050"}],"wp:term":[{"taxonomy":"product_cat","embeddable":true,"href":"https:\/\/eloasminbarden.de\/shop\/wp-json\/wp\/v2\/product_cat?post=1050"},{"taxonomy":"product_tag","embeddable":true,"href":"https:\/\/eloasminbarden.de\/shop\/wp-json\/wp\/v2\/product_tag?post=1050"}],"curies":[{"name":"wp","href":"https:\/\/api.w.org\/{rel}","templated":true}]}}